{"id":91,"date":"2018-03-19T01:25:38","date_gmt":"2018-03-19T04:25:38","guid":{"rendered":"https:\/\/espacoguarauprive.com.br\/?page_id=91"},"modified":"2021-08-06T00:54:54","modified_gmt":"2021-08-06T03:54:54","slug":"a-casa","status":"publish","type":"page","link":"https:\/\/espacoguarauprive.com.br\/?page_id=91","title":{"rendered":"A Casa"},"content":{"rendered":"<p>Somos a casa mais quente da zona sul, estamos pr\u00f3ximos do metr\u00f4 da Pra\u00e7a da \u00c1rvore, trazendo pra voc\u00ea muita fantasia, descontra\u00e7\u00e3o. Entendemos da arte da sedu\u00e7\u00e3o e n\u00e3o poupamos esfor\u00e7os em coloc\u00e1-la em pr\u00e1tica. <br \/>O verdadeiro conceito em entretenimento para adultos voc\u00ea encontra aqui. \u00c9 por isso que n\u00f3s oferecemos o mais emocionante e segura variedade de op\u00e7\u00f5es para sua satisfa\u00e7\u00e3o completa.<br \/>Venha hoje mesmo nos conhecer e comprovar\u00e1 nossa qualidade, confira abaixo algumas imagens da casa.<\/p>\n<h3>Funcionamento<\/h3>\n<table style=\"height: 146px;\" border=\"0\" width=\"735\" cellspacing=\"0\" cellpadding=\"0\">\n<tbody>\n<tr>\n<td width=\"241\"><strong><strong>Seg. \u00e0 S\u00e1bado<\/strong><\/strong><\/td>\n<td width=\"76\">\u00a0<\/td>\n<td width=\"483\">\u00a0<\/td>\n<\/tr>\n<tr>\n<td>10:00 hs &#8211;&gt; 22:00 hs<\/td>\n<td>\u00a0<\/td>\n<td>\u00a0<\/td>\n<\/tr>\n<tr>\n<td>\u00a0<\/td>\n<td>\u00a0<\/td>\n<td>\u00a0<\/td>\n<\/tr>\n<tr>\n<td><strong>Domingo:<\/strong><\/td>\n<td>\u00a0<\/td>\n<td>\u00a0<\/td>\n<\/tr>\n<tr>\n<td>12:00 hs &#8211;&gt; 21:00 hs<\/td>\n<\/tr>\n<\/tbody>\n<\/table>\n\n\n<hr>\n<h3>Casa<\/h3>\n<div id=\"grid-gallery-1-99111\" data-gg-id=\"1\" data-title=\"casa\" data-grid-type=\"0\" data-offset=\"5.3\" data-area-position=\"center\" data-icons=\"\" data-preloader=\"true\" data-width=\"215\" data-height=\"215\" data-padding=\"0\" data-quicksand=\"disabled\" data-quicksand-duration=\"none\" data-popup-theme=\"theme_6\" data-popup-type=\"pretty-photo\" data-popup-image-text=\"data-description\" data-popup-widthsize=\"auto\" data-popup-heightsize=\"auto\" data-popup-i18n-words=\"{&quot;close&quot;:&quot;close&quot;,&quot;next&quot;:&quot;next&quot;,&quot;previous&quot;:&quot;previous&quot;,&quot;start_slideshow&quot;:&quot;start slideshow&quot;,&quot;stop_slideshow&quot;:&quot;stop slideshow&quot;,&quot;image&quot;:&quot;image&quot;,&quot;of&quot;:&quot;of&quot;,&quot;prev&quot;:&quot;prev&quot;,&quot;cExpand&quot;:&quot;Expand&quot;,&quot;cPrevious&quot;:&quot;Previous&quot;,&quot;cNext&quot;:&quot;Next&quot;,&quot;cExpandStr&quot;:&quot;Expand the image&quot;,&quot;cRotate&quot;:&quot;Rotate&quot;,&quot;cDetails&quot;:&quot;Details&quot;}\" data-popup-slideshow=\"false\" data-popup-slideshow-speed=\"2500\" data-popup-hoverstop=\"true\" data-popup-slideshow-auto=\"false\" data-popup-background=\"\" data-popup-transparency=\"30\" data-popup-disable-history=\"\" data-popup-disable-changed-url=\"\" data-popup-border-type=\"solid\" data-popup-border-color=\"\" data-popup-border-width=\"\" data-popup-border-enable=\"\" data-fullscreen=\"false\" data-hide-tooltip=\"false\" data-caption-font-family=\"Default\" data-caption-text-size=\"140\" data-is-mobile=\"0\" data-caption-mobile=\"false\" data-hide-long-tltp-title=\"0\" data-caption-disabled-on-mobile=\"false\" data-popup-placement-type=\"0\" data-social-sharing=\"{&quot;enabled&quot;:&quot;&quot;,&quot;gallerySharing&quot;:{&quot;enabled&quot;:null,&quot;position&quot;:null},&quot;imageSharing&quot;:{&quot;enabled&quot;:null,&quot;wrapperClass&quot;:&quot; vertical &quot;},&quot;popupSharing&quot;:{&quot;enabled&quot;:null,&quot;wrapperClass&quot;:&quot; vertical &quot;}}\" class=\"grid-gallery grid-gallery-fixed \" style=\" width:100%; height:auto; margin-left:auto; margin-right:auto;position:relative;\"> <div class=\"gallery-loading\"> <div class=\"blocks\"> <div class=\"block\"><\/div> <div class=\"block\"><\/div> <div class=\"block\"><\/div> <div class=\"block\"><\/div> <\/div> <\/div> <div class=\"gallery-sharing-top\" style=\"display:none;\"> <\/div> <div id=\"photos-1\" class=\"grid-gallery-photos\"> <div class=\"grid-gallery-clearfix\"><\/div> <\/div> <div class=\"gallery-sharing-bottom\" style=\"display:none;\"> <\/div> <div class=\"gallery-sharing-image\" style=\"display:none;\"> <\/div> <div class=\"gallery-sharing-popup\" style=\"display:none;\"> <\/div> <div class=\"grid-gallery-clearfix\"><\/div> <\/div> <!-- Gallery by Supsystic plugin1.15.32 --><a title=\"Gallery Plugin\" style=\"display:none;\" href=\"https:\/\/supsystic.com\/plugins\/photo-gallery\/?utm_medium=love_link\" target=\"_blank\">Gallery Plugin<\/a>\n<hr>\n<h3>Nossa Localiza\u00e7\u00e3o<\/h3>\n<iframe src=\"https:\/\/www.google.com\/maps\/embed?pb=!1m18!1m12!1m3!1d3655.8181425882663!2d-46.64137258502129!3d-23.6108541846583!2m3!1f0!2f0!3f0!3m2!1i1024!2i768!4f13.1!3m3!1m2!1s0x94ce5a48e0cab95d%3A0xc4d60ef0dc6b0593!2sR.%20Guara%C3%BA%2C%20137%20-%20Mirand%C3%B3polis%2C%20S%C3%A3o%20Paulo%20-%20SP%2C%2004052-000!5e0!3m2!1spt-BR!2sbr!4v1628221981307!5m2!1spt-BR!2sbr\" width=\"100%\" height=\"600\" style=\"border:0;\" allowfullscreen=\"\" loading=\"lazy\"><\/iframe>\n","protected":false},"excerpt":{"rendered":"<p>Somos a casa mais quente da zona sul, estamos pr\u00f3ximos do metr\u00f4 da Pra\u00e7a da \u00c1rvore, trazendo pra voc\u00ea muita fantasia, descontra\u00e7\u00e3o. Entendemos da arte da sedu\u00e7\u00e3o e n\u00e3o poupamos esfor\u00e7os em coloc\u00e1-la em pr\u00e1tica. O verdadeiro conceito em entretenimento para adultos voc\u00ea encontra aqui. \u00c9 por isso que n\u00f3s oferecemos o mais emocionante e [&hellip;]<\/p>\n","protected":false},"author":1,"featured_media":0,"parent":0,"menu_order":0,"comment_status":"closed","ping_status":"closed","template":"","meta":{"_joinchat":[],"footnotes":""},"class_list":["post-91","page","type-page","status-publish","hentry","blog-left-layout","blog-style-postblock","","blog-alt-odd"],"_links":{"self":[{"href":"https:\/\/espacoguarauprive.com.br\/index.php?rest_route=\/wp\/v2\/pages\/91","targetHints":{"allow":["GET"]}}],"collection":[{"href":"https:\/\/espacoguarauprive.com.br\/index.php?rest_route=\/wp\/v2\/pages"}],"about":[{"href":"https:\/\/espacoguarauprive.com.br\/index.php?rest_route=\/wp\/v2\/types\/page"}],"author":[{"embeddable":true,"href":"https:\/\/espacoguarauprive.com.br\/index.php?rest_route=\/wp\/v2\/users\/1"}],"replies":[{"embeddable":true,"href":"https:\/\/espacoguarauprive.com.br\/index.php?rest_route=%2Fwp%2Fv2%2Fcomments&post=91"}],"version-history":[{"count":13,"href":"https:\/\/espacoguarauprive.com.br\/index.php?rest_route=\/wp\/v2\/pages\/91\/revisions"}],"predecessor-version":[{"id":194,"href":"https:\/\/espacoguarauprive.com.br\/index.php?rest_route=\/wp\/v2\/pages\/91\/revisions\/194"}],"wp:attachment":[{"href":"https:\/\/espacoguarauprive.com.br\/index.php?rest_route=%2Fwp%2Fv2%2Fmedia&parent=91"}],"curies":[{"name":"wp","href":"https:\/\/api.w.org\/{rel}","templated":true}]}}